{"id":23620,"date":"2025-07-29T12:03:05","date_gmt":"2025-07-29T10:03:05","guid":{"rendered":"https:\/\/dr-spielerberatung.de\/?page_id=23620"},"modified":"2025-07-29T13:35:59","modified_gmt":"2025-07-29T11:35:59","slug":"datenschutz","status":"publish","type":"page","link":"https:\/\/dr-spielerberatung.de\/en\/datenschutz\/","title":{"rendered":"Privacy Policy"},"content":{"rendered":"\t\t<div data-elementor-type=\"wp-page\" data-elementor-id=\"23620\" class=\"elementor elementor-23620\" data-elementor-post-type=\"page\">\n\t\t\t\t<div class=\"elementor-element elementor-element-3c32b4a e-flex e-con-boxed e-con e-parent\" data-id=\"3c32b4a\" data-element_type=\"container\" data-e-type=\"container\">\n\t\t\t\t\t<div class=\"e-con-inner\">\n\t\t<div class=\"elementor-element elementor-element-b504fdf e-con-full e-flex e-con e-child\" data-id=\"b504fdf\" data-element_type=\"container\" data-e-type=\"container\">\n\t\t\t\t<div class=\"elementor-element elementor-element-28a71f3 elementor-widget elementor-widget-heading\" data-id=\"28a71f3\" data-element_type=\"widget\" data-e-type=\"widget\" data-widget_type=\"heading.default\">\n\t\t\t\t\t<h2 class=\"elementor-heading-title elementor-size-default\">Datenschutz<\/h2>\t\t\t\t<\/div>\n\t\t\t\t<div class=\"elementor-element elementor-element-561462e elementor-widget elementor-widget-heading\" data-id=\"561462e\" data-element_type=\"widget\" data-e-type=\"widget\" data-widget_type=\"heading.default\">\n\t\t\t\t\t<h4 class=\"elementor-heading-title elementor-size-default\">1. Allgemeine Hinweise<\/h4>\t\t\t\t<\/div>\n\t\t\t\t<div class=\"elementor-element elementor-element-636b7e4 elementor-widget elementor-widget-text-editor\" data-id=\"636b7e4\" data-element_type=\"widget\" data-e-type=\"widget\" data-widget_type=\"text-editor.default\">\n\t\t\t\t\t\t\t\t\t<p data-start=\"247\" data-end=\"458\">Der Schutz deiner pers\u00f6nlichen Daten ist uns ein besonderes Anliegen. Wir behandeln personenbezogene Daten vertraulich und entsprechend der gesetzlichen Datenschutzvorschriften sowie dieser Datenschutzerkl\u00e4rung.<\/p><p>\u00a0<\/p><p data-start=\"460\" data-end=\"587\">Diese Erkl\u00e4rung informiert dich \u00fcber Art, Umfang und Zweck der Verarbeitung personenbezogener Daten bei Besuch unserer Website.<\/p>\t\t\t\t\t\t\t\t<\/div>\n\t\t\t\t<div class=\"elementor-element elementor-element-3d177de elementor-widget elementor-widget-heading\" data-id=\"3d177de\" data-element_type=\"widget\" data-e-type=\"widget\" data-widget_type=\"heading.default\">\n\t\t\t\t\t<h4 class=\"elementor-heading-title elementor-size-default\">2. Verantwortliche Stelle<\/h4>\t\t\t\t<\/div>\n\t\t\t\t<div class=\"elementor-element elementor-element-2654be9 elementor-widget elementor-widget-text-editor\" data-id=\"2654be9\" data-element_type=\"widget\" data-e-type=\"widget\" data-widget_type=\"text-editor.default\">\n\t\t\t\t\t\t\t\t\t<p data-start=\"627\" data-end=\"716\"><strong data-start=\"627\" data-end=\"664\">DAHM RICHTER Spielerberatung GmbH<\/strong><br data-start=\"664\" data-end=\"667\" \/>Milanstra\u00dfe 59<br data-start=\"681\" data-end=\"684\" \/>D-40882 Ratingen<br data-start=\"700\" data-end=\"703\" \/>Deutschland<\/p><p data-start=\"718\" data-end=\"759\">E-Mail: info [at] dr-spielerberatung.de<\/p>\t\t\t\t\t\t\t\t<\/div>\n\t\t\t\t<div class=\"elementor-element elementor-element-2e17161 elementor-widget elementor-widget-heading\" data-id=\"2e17161\" data-element_type=\"widget\" data-e-type=\"widget\" data-widget_type=\"heading.default\">\n\t\t\t\t\t<h4 class=\"elementor-heading-title elementor-size-default\">3. Hosting<\/h4>\t\t\t\t<\/div>\n\t\t\t\t<div class=\"elementor-element elementor-element-c9a2dc9 elementor-widget elementor-widget-text-editor\" data-id=\"c9a2dc9\" data-element_type=\"widget\" data-e-type=\"widget\" data-widget_type=\"text-editor.default\">\n\t\t\t\t\t\t\t\t\t<p data-start=\"627\" data-end=\"716\">Unsere Website wird bei <strong data-start=\"808\" data-end=\"817\">IONOS<\/strong> (IONOS SE, Elgendorfer Stra\u00dfe 57, 56410 Montabaur, Deutschland) gehostet. Beim Besuch der Website erfasst IONOS u.\u202fa. IP-Adressen, Zugriffszeiten und andere Server-Logdaten, die zur Bereitstellung und Absicherung der Website erforderlich sind. Die Verarbeitung erfolgt auf Basis von Art. 6 Abs. 1 lit. f DSGVO.<\/p>\t\t\t\t\t\t\t\t<\/div>\n\t\t\t\t<div class=\"elementor-element elementor-element-16189d3 elementor-widget elementor-widget-heading\" data-id=\"16189d3\" data-element_type=\"widget\" data-e-type=\"widget\" data-widget_type=\"heading.default\">\n\t\t\t\t\t<h4 class=\"elementor-heading-title elementor-size-default\">4. Cookies und Cookie-Banner<\/h4>\t\t\t\t<\/div>\n\t\t\t\t<div class=\"elementor-element elementor-element-09ae3ce elementor-widget elementor-widget-text-editor\" data-id=\"09ae3ce\" data-element_type=\"widget\" data-e-type=\"widget\" data-widget_type=\"text-editor.default\">\n\t\t\t\t\t\t\t\t\t<p data-start=\"1171\" data-end=\"1293\">Unsere Website nutzt <strong data-start=\"1192\" data-end=\"1203\">Cookies<\/strong>, um Funktionen bereitzustellen, Inhalte zu personalisieren und Zugriffe zu analysieren.<\/p><p data-start=\"1295\" data-end=\"1491\">Beim ersten Besuch wirst du \u00fcber ein Cookie-Banner (bereitgestellt durch <strong data-start=\"1368\" data-end=\"1381\">Complianz<\/strong>) \u00fcber die Verwendung von Cookies informiert und kannst deine Einwilligung individuell erteilen oder ablehnen.<\/p><p data-start=\"1493\" data-end=\"1634\">Die Verarbeitung erfolgt \u2013 je nach Einstellung \u2013 auf Grundlage von Art. 6 Abs. 1 lit. a (Einwilligung) oder f (berechtigtes Interesse) DSGVO.<\/p>\t\t\t\t\t\t\t\t<\/div>\n\t\t\t\t<div class=\"elementor-element elementor-element-14e8cc7 elementor-widget elementor-widget-heading\" data-id=\"14e8cc7\" data-element_type=\"widget\" data-e-type=\"widget\" data-widget_type=\"heading.default\">\n\t\t\t\t\t<h4 class=\"elementor-heading-title elementor-size-default\">5. Erhebung und Speicherung personenbezogener Daten<\/h4>\t\t\t\t<\/div>\n\t\t\t\t<div class=\"elementor-element elementor-element-c92d5a6 elementor-widget elementor-widget-text-editor\" data-id=\"c92d5a6\" data-element_type=\"widget\" data-e-type=\"widget\" data-widget_type=\"text-editor.default\">\n\t\t\t\t\t\t\t\t\t<p data-start=\"1700\" data-end=\"1836\"><strong data-start=\"1700\" data-end=\"1733\">a) Server-Log-Dateien (IONOS)<\/strong><br data-start=\"1733\" data-end=\"1736\" \/>Beim Besuch der Website werden automatisch Informationen in sogenannten Server-Logfiles gespeichert:<\/p><ul data-start=\"1838\" data-end=\"1999\"><li data-start=\"1838\" data-end=\"1861\"><p data-start=\"1840\" data-end=\"1861\">Browsertyp\/-version<\/p><\/li><li data-start=\"1862\" data-end=\"1880\"><p data-start=\"1864\" data-end=\"1880\">Betriebssystem<\/p><\/li><li data-start=\"1881\" data-end=\"1897\"><p data-start=\"1883\" data-end=\"1897\">Referrer-URL<\/p><\/li><li data-start=\"1898\" data-end=\"1936\"><p data-start=\"1900\" data-end=\"1936\">Hostname des zugreifenden Rechners<\/p><\/li><li data-start=\"1937\" data-end=\"1966\"><p data-start=\"1939\" data-end=\"1966\">Uhrzeit der Serveranfrage<\/p><\/li><li data-start=\"1967\" data-end=\"1999\"><p data-start=\"1969\" data-end=\"1999\">IP-Adresse (ggf. anonymisiert)<\/p><\/li><\/ul><p data-start=\"2001\" data-end=\"2136\">Diese Daten werden nicht mit anderen Datenquellen zusammengef\u00fchrt und dienen ausschlie\u00dflich der technischen \u00dcberwachung und Sicherheit.<\/p><p data-start=\"2143\" data-end=\"2337\"><strong data-start=\"2143\" data-end=\"2165\">b) Kontaktaufnahme<\/strong><br data-start=\"2165\" data-end=\"2168\" \/>Wenn du uns per E-Mail kontaktierst, werden die von dir \u00fcbermittelten Daten (z.\u202fB. Name, E-Mail-Adresse, Inhalt der Nachricht) zur Bearbeitung der Anfrage verarbeitet.<\/p><p data-start=\"2339\" data-end=\"2462\">Rechtsgrundlage: Art. 6 Abs. 1 lit. b DSGVO (Vertragsanbahnung) und lit. f DSGVO (berechtigtes Interesse an Kommunikation).<\/p>\t\t\t\t\t\t\t\t<\/div>\n\t\t\t\t<div class=\"elementor-element elementor-element-30163e5 elementor-widget elementor-widget-heading\" data-id=\"30163e5\" data-element_type=\"widget\" data-e-type=\"widget\" data-widget_type=\"heading.default\">\n\t\t\t\t\t<h4 class=\"elementor-heading-title elementor-size-default\">6. Eingesetzte Dienste<\/h4>\t\t\t\t<\/div>\n\t\t\t\t<div class=\"elementor-element elementor-element-017e3a3 elementor-widget elementor-widget-text-editor\" data-id=\"017e3a3\" data-element_type=\"widget\" data-e-type=\"widget\" data-widget_type=\"text-editor.default\">\n\t\t\t\t\t\t\t\t\t<p data-start=\"2499\" data-end=\"2747\"><strong data-start=\"2499\" data-end=\"2522\">a) Google Analytics<\/strong><br data-start=\"2522\" data-end=\"2525\" \/>Unsere Website nutzt Google Analytics, einen Webanalysedienst der Google Ireland Limited. Google Analytics verwendet Cookies, um die Nutzung der Website zu analysieren. Die IP-Adresse wird dabei anonymisiert verarbeitet.<\/p><p data-start=\"2749\" data-end=\"2901\">Daten werden auf Servern von Google in der EU und ggf. den USA gespeichert. Die Verarbeitung erfolgt nur nach Einwilligung (Art. 6 Abs. 1 lit. a DSGVO).<\/p><p data-start=\"2903\" data-end=\"3020\">Mehr zur Datenverarbeitung durch Google:<br data-start=\"2943\" data-end=\"2946\" \/><a class=\"cursor-pointer\" target=\"_new\" rel=\"noopener\" data-start=\"2946\" data-end=\"3020\">https:\/\/policies.google.com\/privacy<\/a><\/p><p data-start=\"3027\" data-end=\"3262\"><strong data-start=\"3027\" data-end=\"3064\">b) Instagram Feed (Smash Balloon)<\/strong><br data-start=\"3064\" data-end=\"3067\" \/>Wir binden Inhalte von <strong data-start=\"3090\" data-end=\"3103\">Instagram<\/strong> \u00fcber das Plugin <strong data-start=\"3120\" data-end=\"3137\">Smash Balloon<\/strong> ein. Beim Laden des Feeds k\u00f6nnen personenbezogene Daten an Instagram \u00fcbermittelt werden (z.\u202fB. IP-Adresse, Browser-Infos).<\/p><p data-start=\"3264\" data-end=\"3425\">Die Anzeige erfolgt nur nach ausdr\u00fccklicher Einwilligung \u00fcber das Cookie-Banner. Anbieter: Meta Platforms Ireland Ltd., 4 Grand Canal Square, Dublin 2, Irland.<\/p><p data-start=\"3427\" data-end=\"3545\">Meta-Datenschutzrichtlinie:<br data-start=\"3454\" data-end=\"3457\" \/><a class=\"cursor-pointer\" target=\"_new\" rel=\"noopener\" data-start=\"3457\" data-end=\"3545\">https:\/\/privacycenter.instagram.com\/policy<\/a><\/p><p data-start=\"3552\" data-end=\"3763\"><strong data-start=\"3552\" data-end=\"3573\">c) TranslatePress<\/strong><br data-start=\"3573\" data-end=\"3576\" \/>Zur Bereitstellung einer mehrsprachigen Website nutzen wir <strong data-start=\"3635\" data-end=\"3653\">TranslatePress<\/strong>. Dabei werden keine personenbezogenen Daten an Dritte \u00fcbertragen. Die Sprachauswahl erfolgt lokal und anonym.<\/p>\t\t\t\t\t\t\t\t<\/div>\n\t\t\t\t<div class=\"elementor-element elementor-element-e2b5464 elementor-widget elementor-widget-heading\" data-id=\"e2b5464\" data-element_type=\"widget\" data-e-type=\"widget\" data-widget_type=\"heading.default\">\n\t\t\t\t\t<h4 class=\"elementor-heading-title elementor-size-default\">7. Deine Rechte<\/h4>\t\t\t\t<\/div>\n\t\t\t\t<div class=\"elementor-element elementor-element-8154e2c elementor-widget elementor-widget-text-editor\" data-id=\"8154e2c\" data-element_type=\"widget\" data-e-type=\"widget\" data-widget_type=\"text-editor.default\">\n\t\t\t\t\t\t\t\t\t<p data-start=\"3793\" data-end=\"3825\">Du hast jederzeit das Recht auf:<\/p><ul data-start=\"3827\" data-end=\"4157\"><li data-start=\"3827\" data-end=\"3888\"><p data-start=\"3829\" data-end=\"3888\">Auskunft \u00fcber deine gespeicherten personenbezogenen Daten<\/p><\/li><li data-start=\"3889\" data-end=\"3942\"><p data-start=\"3891\" data-end=\"3942\">Berichtigung, Sperrung oder L\u00f6schung dieser Daten<\/p><\/li><li data-start=\"3943\" data-end=\"3977\"><p data-start=\"3945\" data-end=\"3977\">Einschr\u00e4nkung der Verarbeitung<\/p><\/li><li data-start=\"3978\" data-end=\"4016\"><p data-start=\"3980\" data-end=\"4016\">Widerspruch gegen die Verarbeitung<\/p><\/li><li data-start=\"4017\" data-end=\"4041\"><p data-start=\"4019\" data-end=\"4041\">Daten\u00fcbertragbarkeit<\/p><\/li><li data-start=\"4042\" data-end=\"4101\"><p data-start=\"4044\" data-end=\"4101\">Widerruf erteilter Einwilligungen (Art. 7 Abs. 3 DSGVO)<\/p><\/li><li data-start=\"4102\" data-end=\"4157\"><p data-start=\"4104\" data-end=\"4157\">Beschwerde bei einer Aufsichtsbeh\u00f6rde (Art. 77 DSGVO)<\/p><\/li><\/ul>\t\t\t\t\t\t\t\t<\/div>\n\t\t\t\t<div class=\"elementor-element elementor-element-eabd262 elementor-widget elementor-widget-heading\" data-id=\"eabd262\" data-element_type=\"widget\" data-e-type=\"widget\" data-widget_type=\"heading.default\">\n\t\t\t\t\t<h4 class=\"elementor-heading-title elementor-size-default\">8. Sicherheit<\/h4>\t\t\t\t<\/div>\n\t\t\t\t<div class=\"elementor-element elementor-element-6517659 elementor-widget elementor-widget-text-editor\" data-id=\"6517659\" data-element_type=\"widget\" data-e-type=\"widget\" data-widget_type=\"text-editor.default\">\n\t\t\t\t\t\t\t\t\t<p data-start=\"3793\" data-end=\"3825\">Wir treffen angemessene technische und organisatorische Ma\u00dfnahmen, um deine Daten vor unbefugtem Zugriff, Verlust oder Missbrauch zu sch\u00fctzen.<\/p>\t\t\t\t\t\t\t\t<\/div>\n\t\t\t\t<div class=\"elementor-element elementor-element-5f9f5b4 elementor-widget elementor-widget-heading\" data-id=\"5f9f5b4\" data-element_type=\"widget\" data-e-type=\"widget\" data-widget_type=\"heading.default\">\n\t\t\t\t\t<h4 class=\"elementor-heading-title elementor-size-default\">9. \u00c4nderungen dieser Datenschutzerkl\u00e4rung<\/h4>\t\t\t\t<\/div>\n\t\t\t\t<div class=\"elementor-element elementor-element-f681e9a elementor-widget elementor-widget-text-editor\" data-id=\"f681e9a\" data-element_type=\"widget\" data-e-type=\"widget\" data-widget_type=\"text-editor.default\">\n\t\t\t\t\t\t\t\t\t<p data-start=\"4383\" data-end=\"4557\">Diese Datenschutzerkl\u00e4rung kann von Zeit zu Zeit angepasst werden, um aktuellen rechtlichen Anforderungen zu entsprechen oder \u00c4nderungen unserer Leistungen widerzuspiegeln.<\/p><p data-start=\"4559\" data-end=\"4580\"><strong data-start=\"4559\" data-end=\"4580\">Stand: 29.07.2025<\/strong><\/p>\t\t\t\t\t\t\t\t<\/div>\n\t\t\t\t<div class=\"elementor-element elementor-element-e359abf elementor-widget elementor-widget-button\" data-id=\"e359abf\" data-element_type=\"widget\" data-e-type=\"widget\" data-widget_type=\"button.default\">\n\t\t\t\t\t\t\t\t\t\t<a class=\"elementor-button elementor-button-link elementor-size-sm\" href=\"https:\/\/dr-spielerberatung.de\/startseite-2025\/\">\n\t\t\t\t\t\t<span class=\"elementor-button-content-wrapper\">\n\t\t\t\t\t\t\t\t\t<span class=\"elementor-button-text\">zur\u00fcck<\/span>\n\t\t\t\t\t<\/span>\n\t\t\t\t\t<\/a>\n\t\t\t\t\t\t\t\t<\/div>\n\t\t\t\t<\/div>\n\t\t\t\t\t<\/div>\n\t\t\t\t<\/div>\n\t\t\t\t<\/div>\n\t\t","protected":false},"excerpt":{"rendered":"<p>Datenschutz 1. Allgemeine Hinweise Der Schutz deiner pers\u00f6nlichen Daten ist uns ein besonderes Anliegen. Wir behandeln personenbezogene Daten vertraulich und entsprechend der gesetzlichen Datenschutzvorschriften sowie dieser Datenschutzerkl\u00e4rung. \u00a0 Diese Erkl\u00e4rung informiert dich \u00fcber Art, Umfang und Zweck der Verarbeitung personenbezogener Daten bei Besuch unserer Website. 2. Verantwortliche Stelle DAHM RICHTER Spielerberatung GmbHMilanstra\u00dfe 59D-40882 RatingenDeutschland E-Mail: [&hellip;]<\/p>\n","protected":false},"author":3,"featured_media":0,"parent":0,"menu_order":0,"comment_status":"closed","ping_status":"closed","template":"","meta":{"iawp_total_views":17,"footnotes":""},"class_list":["post-23620","page","type-page","status-publish","hentry"],"yoast_head":"<!-- This site is optimized with the Yoast SEO plugin v27.5 - https:\/\/yoast.com\/product\/yoast-seo-wordpress\/ -->\n<title>D+R DAHM RICHTER - Spielerberatung<\/title>\n<meta name=\"robots\" content=\"noindex, nofollow\" \/>\n<meta property=\"og:locale\" content=\"en_GB\" \/>\n<meta property=\"og:type\" content=\"article\" \/>\n<meta property=\"og:title\" content=\"D+R DAHM RICHTER - Spielerberatung\" \/>\n<meta property=\"og:description\" content=\"Datenschutz 1. Allgemeine Hinweise Der Schutz deiner pers\u00f6nlichen Daten ist uns ein besonderes Anliegen. Wir behandeln personenbezogene Daten vertraulich und entsprechend der gesetzlichen Datenschutzvorschriften sowie dieser Datenschutzerkl\u00e4rung. \u00a0 Diese Erkl\u00e4rung informiert dich \u00fcber Art, Umfang und Zweck der Verarbeitung personenbezogener Daten bei Besuch unserer Website. 2. Verantwortliche Stelle DAHM RICHTER Spielerberatung GmbHMilanstra\u00dfe 59D-40882 RatingenDeutschland E-Mail: [&hellip;]\" \/>\n<meta property=\"og:url\" content=\"https:\/\/dr-spielerberatung.de\/en\/datenschutz\/\" \/>\n<meta property=\"og:site_name\" content=\"D+R DAHM RICHTER - Spielerberatung\" \/>\n<meta property=\"article:modified_time\" content=\"2025-07-29T11:35:59+00:00\" \/>\n<meta property=\"og:image\" content=\"https:\/\/dr-spielerberatung.de\/wp-content\/uploads\/2025\/07\/dr-website-bild-25-1200x675-1.jpg\" \/>\n\t<meta property=\"og:image:width\" content=\"1200\" \/>\n\t<meta property=\"og:image:height\" content=\"675\" \/>\n\t<meta property=\"og:image:type\" content=\"image\/jpeg\" \/>\n<meta name=\"twitter:label1\" content=\"Estimated reading time\" \/>\n\t<meta name=\"twitter:data1\" content=\"3 minutes\" \/>\n<script type=\"application\/ld+json\" class=\"yoast-schema-graph\">{\"@context\":\"https:\\\/\\\/schema.org\",\"@graph\":[{\"@type\":\"WebPage\",\"@id\":\"https:\\\/\\\/dr-spielerberatung.de\\\/datenschutz\\\/\",\"url\":\"https:\\\/\\\/dr-spielerberatung.de\\\/datenschutz\\\/\",\"name\":\"D+R DAHM RICHTER - Spielerberatung\",\"isPartOf\":{\"@id\":\"https:\\\/\\\/dr-spielerberatung.de\\\/#website\"},\"datePublished\":\"2025-07-29T10:03:05+00:00\",\"dateModified\":\"2025-07-29T11:35:59+00:00\",\"breadcrumb\":{\"@id\":\"https:\\\/\\\/dr-spielerberatung.de\\\/datenschutz\\\/#breadcrumb\"},\"inLanguage\":\"en-GB\",\"potentialAction\":[{\"@type\":\"ReadAction\",\"target\":[\"https:\\\/\\\/dr-spielerberatung.de\\\/datenschutz\\\/\"]}]},{\"@type\":\"BreadcrumbList\",\"@id\":\"https:\\\/\\\/dr-spielerberatung.de\\\/datenschutz\\\/#breadcrumb\",\"itemListElement\":[{\"@type\":\"ListItem\",\"position\":1,\"name\":\"Home\",\"item\":\"https:\\\/\\\/dr-spielerberatung.de\\\/\"},{\"@type\":\"ListItem\",\"position\":2,\"name\":\"Datenschutz\"}]},{\"@type\":\"WebSite\",\"@id\":\"https:\\\/\\\/dr-spielerberatung.de\\\/#website\",\"url\":\"https:\\\/\\\/dr-spielerberatung.de\\\/\",\"name\":\"D+R | DAHM RICHTER\",\"description\":\"\",\"publisher\":{\"@id\":\"https:\\\/\\\/dr-spielerberatung.de\\\/#organization\"},\"potentialAction\":[{\"@type\":\"SearchAction\",\"target\":{\"@type\":\"EntryPoint\",\"urlTemplate\":\"https:\\\/\\\/dr-spielerberatung.de\\\/?s={search_term_string}\"},\"query-input\":{\"@type\":\"PropertyValueSpecification\",\"valueRequired\":true,\"valueName\":\"search_term_string\"}}],\"inLanguage\":\"en-GB\"},{\"@type\":\"Organization\",\"@id\":\"https:\\\/\\\/dr-spielerberatung.de\\\/#organization\",\"name\":\"D+R | DAHM RICHTER Spielerberatung\",\"url\":\"https:\\\/\\\/dr-spielerberatung.de\\\/\",\"logo\":{\"@type\":\"ImageObject\",\"inLanguage\":\"en-GB\",\"@id\":\"https:\\\/\\\/dr-spielerberatung.de\\\/#\\\/schema\\\/logo\\\/image\\\/\",\"url\":\"https:\\\/\\\/dr-spielerberatung.de\\\/wp-content\\\/uploads\\\/2025\\\/07\\\/dr-orgalogo-25-696x696-1.jpg\",\"contentUrl\":\"https:\\\/\\\/dr-spielerberatung.de\\\/wp-content\\\/uploads\\\/2025\\\/07\\\/dr-orgalogo-25-696x696-1.jpg\",\"width\":696,\"height\":696,\"caption\":\"D+R | DAHM RICHTER Spielerberatung\"},\"image\":{\"@id\":\"https:\\\/\\\/dr-spielerberatung.de\\\/#\\\/schema\\\/logo\\\/image\\\/\"},\"sameAs\":[\"https:\\\/\\\/www.instagram.com\\\/dplusr_spielerberatung\\\/\"]}]}<\/script>\n<!-- \/ Yoast SEO plugin. -->","yoast_head_json":{"title":"D+R DAHM RICHTER - Spielerberatung","robots":{"index":"noindex","follow":"nofollow"},"og_locale":"en_GB","og_type":"article","og_title":"D+R DAHM RICHTER - Spielerberatung","og_description":"Datenschutz 1. Allgemeine Hinweise Der Schutz deiner pers\u00f6nlichen Daten ist uns ein besonderes Anliegen. Wir behandeln personenbezogene Daten vertraulich und entsprechend der gesetzlichen Datenschutzvorschriften sowie dieser Datenschutzerkl\u00e4rung. \u00a0 Diese Erkl\u00e4rung informiert dich \u00fcber Art, Umfang und Zweck der Verarbeitung personenbezogener Daten bei Besuch unserer Website. 2. Verantwortliche Stelle DAHM RICHTER Spielerberatung GmbHMilanstra\u00dfe 59D-40882 RatingenDeutschland E-Mail: [&hellip;]","og_url":"https:\/\/dr-spielerberatung.de\/en\/datenschutz\/","og_site_name":"D+R DAHM RICHTER - Spielerberatung","article_modified_time":"2025-07-29T11:35:59+00:00","og_image":[{"width":1200,"height":675,"url":"https:\/\/dr-spielerberatung.de\/wp-content\/uploads\/2025\/07\/dr-website-bild-25-1200x675-1.jpg","type":"image\/jpeg"}],"twitter_misc":{"Estimated reading time":"3 minutes"},"schema":{"@context":"https:\/\/schema.org","@graph":[{"@type":"WebPage","@id":"https:\/\/dr-spielerberatung.de\/datenschutz\/","url":"https:\/\/dr-spielerberatung.de\/datenschutz\/","name":"D+R DAHM RICHTER - Spielerberatung","isPartOf":{"@id":"https:\/\/dr-spielerberatung.de\/#website"},"datePublished":"2025-07-29T10:03:05+00:00","dateModified":"2025-07-29T11:35:59+00:00","breadcrumb":{"@id":"https:\/\/dr-spielerberatung.de\/datenschutz\/#breadcrumb"},"inLanguage":"en-GB","potentialAction":[{"@type":"ReadAction","target":["https:\/\/dr-spielerberatung.de\/datenschutz\/"]}]},{"@type":"BreadcrumbList","@id":"https:\/\/dr-spielerberatung.de\/datenschutz\/#breadcrumb","itemListElement":[{"@type":"ListItem","position":1,"name":"Home","item":"https:\/\/dr-spielerberatung.de\/"},{"@type":"ListItem","position":2,"name":"Datenschutz"}]},{"@type":"WebSite","@id":"https:\/\/dr-spielerberatung.de\/#website","url":"https:\/\/dr-spielerberatung.de\/","name":"D+R | DAHM RICHTER","description":"","publisher":{"@id":"https:\/\/dr-spielerberatung.de\/#organization"},"potentialAction":[{"@type":"SearchAction","target":{"@type":"EntryPoint","urlTemplate":"https:\/\/dr-spielerberatung.de\/?s={search_term_string}"},"query-input":{"@type":"PropertyValueSpecification","valueRequired":true,"valueName":"search_term_string"}}],"inLanguage":"en-GB"},{"@type":"Organization","@id":"https:\/\/dr-spielerberatung.de\/#organization","name":"D+R | DAHM RICHTER Spielerberatung","url":"https:\/\/dr-spielerberatung.de\/","logo":{"@type":"ImageObject","inLanguage":"en-GB","@id":"https:\/\/dr-spielerberatung.de\/#\/schema\/logo\/image\/","url":"https:\/\/dr-spielerberatung.de\/wp-content\/uploads\/2025\/07\/dr-orgalogo-25-696x696-1.jpg","contentUrl":"https:\/\/dr-spielerberatung.de\/wp-content\/uploads\/2025\/07\/dr-orgalogo-25-696x696-1.jpg","width":696,"height":696,"caption":"D+R | DAHM RICHTER Spielerberatung"},"image":{"@id":"https:\/\/dr-spielerberatung.de\/#\/schema\/logo\/image\/"},"sameAs":["https:\/\/www.instagram.com\/dplusr_spielerberatung\/"]}]}},"_links":{"self":[{"href":"https:\/\/dr-spielerberatung.de\/en\/wp-json\/wp\/v2\/pages\/23620","targetHints":{"allow":["GET"]}}],"collection":[{"href":"https:\/\/dr-spielerberatung.de\/en\/wp-json\/wp\/v2\/pages"}],"about":[{"href":"https:\/\/dr-spielerberatung.de\/en\/wp-json\/wp\/v2\/types\/page"}],"author":[{"embeddable":true,"href":"https:\/\/dr-spielerberatung.de\/en\/wp-json\/wp\/v2\/users\/3"}],"replies":[{"embeddable":true,"href":"https:\/\/dr-spielerberatung.de\/en\/wp-json\/wp\/v2\/comments?post=23620"}],"version-history":[{"count":6,"href":"https:\/\/dr-spielerberatung.de\/en\/wp-json\/wp\/v2\/pages\/23620\/revisions"}],"predecessor-version":[{"id":23626,"href":"https:\/\/dr-spielerberatung.de\/en\/wp-json\/wp\/v2\/pages\/23620\/revisions\/23626"}],"wp:attachment":[{"href":"https:\/\/dr-spielerberatung.de\/en\/wp-json\/wp\/v2\/media?parent=23620"}],"curies":[{"name":"wp","href":"https:\/\/api.w.org\/{rel}","templated":true}]}}